{"id":5020,"date":"2022-08-29T08:05:25","date_gmt":"2022-08-29T05:05:25","guid":{"rendered":"https:\/\/2022.villakirkpinar.com\/about-us\/"},"modified":"2026-01-31T12:28:49","modified_gmt":"2026-01-31T09:28:49","slug":"about-us","status":"publish","type":"page","link":"https:\/\/villagekirkpinar.com\/en\/about-us\/","title":{"rendered":"About Us"},"content":{"rendered":"\t\t<div data-elementor-type=\"wp-page\" data-elementor-id=\"5020\" class=\"elementor elementor-5020 elementor-1197\" data-elementor-post-type=\"page\">\n\t\t\t\t\t\t<section class=\"elementor-section elementor-top-section elementor-element elementor-element-23bcb1c elementor-section-full_width elementor-section-height-min-height wd-section-stretch-content elementor-section-height-default elementor-section-items-middle\" data-id=\"23bcb1c\" data-element_type=\"section\" data-settings=\"{&quot;background_background&quot;:&quot;classic&quot;}\">\n\t\t\t\t\t\t\t<div class=\"elementor-background-overlay\"><\/div>\n\t\t\t\t\t\t\t<div class=\"elementor-container elementor-column-gap-no\">\n\t\t\t\t\t<div class=\"elementor-column elementor-col-100 elementor-top-column elementor-element elementor-element-777a201\" data-id=\"777a201\" data-element_type=\"column\">\n\t\t\t<div class=\"elementor-widget-wrap elementor-element-populated\">\n\t\t\t\t\t\t<div class=\"elementor-element elementor-element-d71b2fc elementor-widget elementor-widget-wd_title\" data-id=\"d71b2fc\" data-element_type=\"widget\" data-widget_type=\"wd_title.default\">\n\t\t\t\t<div class=\"elementor-widget-container\">\n\t\t\t\t\t\t\t<div class=\"title-wrapper set-mb-s reset-last-child wd-title-color-default wd-title-style-default wd-title-size-default text-center\">\n\n\t\t\t\n\t\t\t<div class=\"liner-continer\">\n\t\t\t\t<h1 class=\"woodmart-title-container title wd-fontsize-l\">ABOUT US<\/h1> \n\t\t\t\t\t\t\t<\/div>\n\n\t\t\t\t\t<\/div>\n\t\t\t\t\t\t<\/div>\n\t\t\t\t<\/div>\n\t\t\t\t\t<\/div>\n\t\t<\/div>\n\t\t\t\t\t<\/div>\n\t\t<\/section>\n\t\t\t\t<section class=\"elementor-section elementor-top-section elementor-element elementor-element-4f97112 elementor-section-boxed elementor-section-height-default elementor-section-height-default wd-section-disabled\" data-id=\"4f97112\" data-element_type=\"section\">\n\t\t\t\t\t\t<div class=\"elementor-container elementor-column-gap-default\">\n\t\t\t\t\t<div class=\"elementor-column elementor-col-100 elementor-top-column elementor-element elementor-element-1138d2d\" data-id=\"1138d2d\" data-element_type=\"column\">\n\t\t\t<div class=\"elementor-widget-wrap elementor-element-populated\">\n\t\t\t\t\t\t<div class=\"elementor-element elementor-element-3128e0e elementor-widget elementor-widget-spacer\" data-id=\"3128e0e\" data-element_type=\"widget\" data-widget_type=\"spacer.default\">\n\t\t\t\t<div class=\"elementor-widget-container\">\n\t\t\t\t\t\t\t<div class=\"elementor-spacer\">\n\t\t\t<div class=\"elementor-spacer-inner\"><\/div>\n\t\t<\/div>\n\t\t\t\t\t\t<\/div>\n\t\t\t\t<\/div>\n\t\t\t\t\t<\/div>\n\t\t<\/div>\n\t\t\t\t\t<\/div>\n\t\t<\/section>\n\t\t\t\t<section class=\"elementor-section elementor-top-section elementor-element elementor-element-5f33ca1 elementor-section-content-middle elementor-section-boxed elementor-section-height-default elementor-section-height-default wd-section-disabled\" data-id=\"5f33ca1\" data-element_type=\"section\">\n\t\t\t\t\t\t<div class=\"elementor-container elementor-column-gap-extended\">\n\t\t\t\t\t<div class=\"elementor-column elementor-col-50 elementor-top-column elementor-element elementor-element-614f6fe\" data-id=\"614f6fe\" data-element_type=\"column\">\n\t\t\t<div class=\"elementor-widget-wrap elementor-element-populated\">\n\t\t\t\t\t\t<div class=\"elementor-element elementor-element-1837ca4 elementor-widget elementor-widget-image\" data-id=\"1837ca4\" data-element_type=\"widget\" data-settings=\"{&quot;motion_fx_motion_fx_mouse&quot;:&quot;yes&quot;,&quot;motion_fx_mouseTrack_effect&quot;:&quot;yes&quot;,&quot;motion_fx_mouseTrack_speed&quot;:{&quot;unit&quot;:&quot;px&quot;,&quot;size&quot;:0.2,&quot;sizes&quot;:[]},&quot;motion_fx_tilt_effect&quot;:&quot;yes&quot;,&quot;motion_fx_tilt_speed&quot;:{&quot;unit&quot;:&quot;px&quot;,&quot;size&quot;:2,&quot;sizes&quot;:[]}}\" data-widget_type=\"image.default\">\n\t\t\t\t<div class=\"elementor-widget-container\">\n\t\t\t\t\t\t\t\t\t\t\t\t\t\t\t<img fetchpriority=\"high\" decoding=\"async\" width=\"1024\" height=\"1024\" src=\"https:\/\/villagekirkpinar.com\/wp-content\/uploads\/2022\/08\/villa-kirkpinar-ekip1.jpeg\" class=\"attachment-full size-full wp-image-3983\" alt=\"\" srcset=\"https:\/\/villagekirkpinar.com\/wp-content\/uploads\/2022\/08\/villa-kirkpinar-ekip1.jpeg 1024w, https:\/\/villagekirkpinar.com\/wp-content\/uploads\/2022\/08\/villa-kirkpinar-ekip1-300x300.jpeg 300w, https:\/\/villagekirkpinar.com\/wp-content\/uploads\/2022\/08\/villa-kirkpinar-ekip1-150x150.jpeg 150w, https:\/\/villagekirkpinar.com\/wp-content\/uploads\/2022\/08\/villa-kirkpinar-ekip1-768x768.jpeg 768w\" sizes=\"(max-width: 1024px) 100vw, 1024px\" \/>\t\t\t\t\t\t\t\t\t\t\t\t\t\t\t<\/div>\n\t\t\t\t<\/div>\n\t\t\t\t\t<\/div>\n\t\t<\/div>\n\t\t\t\t<div class=\"elementor-column elementor-col-50 elementor-top-column elementor-element elementor-element-e30df13\" data-id=\"e30df13\" data-element_type=\"column\">\n\t\t\t<div class=\"elementor-widget-wrap elementor-element-populated\">\n\t\t\t\t\t\t<div class=\"elementor-element elementor-element-11d63fc elementor-widget elementor-widget-wd_title\" data-id=\"11d63fc\" data-element_type=\"widget\" data-widget_type=\"wd_title.default\">\n\t\t\t\t<div class=\"elementor-widget-container\">\n\t\t\t\t\t\t\t<div class=\"title-wrapper set-mb-s reset-last-child wd-title-color-default wd-title-style-default wd-title-size-default text-left\">\n\n\t\t\t\n\t\t\t<div class=\"liner-continer\">\n\t\t\t\t<h2 class=\"woodmart-title-container title wd-fontsize-l\">who are we<\/h2> \n\t\t\t\t\t\t\t<\/div>\n\n\t\t\t\t\t<\/div>\n\t\t\t\t\t\t<\/div>\n\t\t\t\t<\/div>\n\t\t\t\t<div class=\"elementor-element elementor-element-6a54d72 elementor-widget elementor-widget-wd_text_block\" data-id=\"6a54d72\" data-element_type=\"widget\" data-widget_type=\"wd_text_block.default\">\n\t\t\t\t<div class=\"elementor-widget-container\">\n\t\t\t\t\t\t\t<div class=\"wd-text-block reset-last-child text-left\">\n\t\t\t\n\t\t\t<p style=\"text-align: left;\"><span style=\"color: #000000;\"><strong>We belong to \u00c7izemua family from the tribe of (w)ub\u0131h of the Circassian who came to this land with the grand Circassian exile and who founded today\u2019s K\u0131rkp\u0131nar with the name of \u00c7izemua Hable.<\/strong><\/span><\/p><p style=\"text-align: left;\"><span style=\"color: #000000;\"><strong>On our facility logo, you can see our family crest, which is the most meaningful sign that introduces us.<\/strong><\/span><\/p><p style=\"text-align: left;\"><span style=\"color: #000000;\"><strong>As the last generation of the family, we are pleased to welcome you adopting the Circassian hospitality as a principle with our all-female team in our accommodation facility consisting of detached villas, which we founded with the name of Village K\u0131rkp\u0131nar on these heirloom lands.<\/strong><\/span><\/p>\n\t\t\t\t\t<\/div>\n\t\t\t\t\t\t<\/div>\n\t\t\t\t<\/div>\n\t\t\t\t\t<\/div>\n\t\t<\/div>\n\t\t\t\t\t<\/div>\n\t\t<\/section>\n\t\t\t\t<section class=\"elementor-section elementor-top-section elementor-element elementor-element-4fbaf227 wd-section-stretch elementor-section-content-middle elementor-reverse-tablet elementor-reverse-mobile elementor-section-boxed elementor-section-height-default elementor-section-height-default\" data-id=\"4fbaf227\" data-element_type=\"section\" data-settings=\"{&quot;background_background&quot;:&quot;classic&quot;}\">\n\t\t\t\t\t\t<div class=\"elementor-container elementor-column-gap-default\">\n\t\t\t\t\t<div class=\"elementor-column elementor-col-50 elementor-top-column elementor-element elementor-element-4926a97a\" data-id=\"4926a97a\" data-element_type=\"column\">\n\t\t\t<div class=\"elementor-widget-wrap elementor-element-populated\">\n\t\t\t\t\t\t<div class=\"elementor-element elementor-element-35f92e2d elementor-widget elementor-widget-wd_text_block\" data-id=\"35f92e2d\" data-element_type=\"widget\" data-widget_type=\"wd_text_block.default\">\n\t\t\t\t<div class=\"elementor-widget-container\">\n\t\t\t\t\t\t\t<div class=\"wd-text-block reset-last-child text-left\">\n\t\t\t\n\t\t\t<p><span style=\"color: #000000;\"><strong>\"When you arrive here, you will be welcomed by our centuries-old chestnut tree. Put your ear on its trunk and let it tell you the story of an old journey. Let it speak of the Circassian, the people of \u00c7izemua, and the old ones\u2026\"<\/strong><\/span><\/p>\n\t\t\t\t\t<\/div>\n\t\t\t\t\t\t<\/div>\n\t\t\t\t<\/div>\n\t\t\t\t\t<\/div>\n\t\t<\/div>\n\t\t\t\t<div class=\"elementor-column elementor-col-50 elementor-top-column elementor-element elementor-element-1feac3dc\" data-id=\"1feac3dc\" data-element_type=\"column\">\n\t\t\t<div class=\"elementor-widget-wrap elementor-element-populated\">\n\t\t\t\t\t\t<div class=\"elementor-element elementor-element-2b5a4bb2 elementor-widget elementor-widget-wd_image_or_svg\" data-id=\"2b5a4bb2\" data-element_type=\"widget\" data-widget_type=\"wd_image_or_svg.default\">\n\t\t\t\t<div class=\"elementor-widget-container\">\n\t\t\t\t\t\n\t\t<div class=\"wd-image text-center\">\n\t\t\t\t\t\t\t\t<img decoding=\"async\" width=\"500\" height=\"500\" src=\"https:\/\/villagekirkpinar.com\/wp-content\/uploads\/2022\/08\/asirlik_kestane_villa_kirkpinar1.jpg\" class=\"attachment-full size-full wp-image-1217\" alt=\"\" srcset=\"https:\/\/villagekirkpinar.com\/wp-content\/uploads\/2022\/08\/asirlik_kestane_villa_kirkpinar1.jpg 500w, https:\/\/villagekirkpinar.com\/wp-content\/uploads\/2022\/08\/asirlik_kestane_villa_kirkpinar1-300x300.jpg 300w, https:\/\/villagekirkpinar.com\/wp-content\/uploads\/2022\/08\/asirlik_kestane_villa_kirkpinar1-150x150.jpg 150w\" sizes=\"(max-width: 500px) 100vw, 500px\" \/>\t\t\t\t\t<\/div>\n\n\t\t\t\t\t\t<\/div>\n\t\t\t\t<\/div>\n\t\t\t\t\t<\/div>\n\t\t<\/div>\n\t\t\t\t\t<\/div>\n\t\t<\/section>\n\t\t\t\t<\/div>\n\t\t","protected":false},"excerpt":{"rendered":"<p>ABOUT US who are we We belong to \u00c7izemua family from the tribe of (w)ub\u0131h of the Circassian who came<\/p>\n","protected":false},"author":8,"featured_media":0,"parent":0,"menu_order":0,"comment_status":"closed","ping_status":"closed","template":"","meta":{"footnotes":""},"class_list":["post-5020","page","type-page","status-publish","hentry"],"yoast_head":"<!-- This site is optimized with the Yoast SEO plugin v26.8 - https:\/\/yoast.com\/product\/yoast-seo-wordpress\/ -->\n<title>About Us - Village K\u0131rkp\u0131nar - Sapanca About Us<\/title>\n<meta name=\"robots\" content=\"index, follow, max-snippet:-1, max-image-preview:large, max-video-preview:-1\" \/>\n<link rel=\"canonical\" href=\"https:\/\/villagekirkpinar.com\/en\/about-us\/\" \/>\n<meta property=\"og:locale\" content=\"en_US\" \/>\n<meta property=\"og:type\" content=\"article\" \/>\n<meta property=\"og:title\" content=\"About Us - Village K\u0131rkp\u0131nar - Sapanca About Us\" \/>\n<meta property=\"og:description\" content=\"ABOUT US who are we We belong to \u00c7izemua family from the tribe of (w)ub\u0131h of the Circassian who came\" \/>\n<meta property=\"og:url\" content=\"https:\/\/villagekirkpinar.com\/en\/about-us\/\" \/>\n<meta property=\"og:site_name\" content=\"Village K\u0131rkp\u0131nar - Sapanca\" \/>\n<meta property=\"article:modified_time\" content=\"2026-01-31T09:28:49+00:00\" \/>\n<meta property=\"og:image\" content=\"https:\/\/villagekirkpinar.com\/wp-content\/uploads\/2022\/08\/villa-kirkpinar-ekip1.jpeg\" \/>\n\t<meta property=\"og:image:width\" content=\"1024\" \/>\n\t<meta property=\"og:image:height\" content=\"1024\" \/>\n\t<meta property=\"og:image:type\" content=\"image\/jpeg\" \/>\n<meta name=\"twitter:card\" content=\"summary_large_image\" \/>\n<meta name=\"twitter:label1\" content=\"Est. reading time\" \/>\n\t<meta name=\"twitter:data1\" content=\"2 minutes\" \/>\n<script type=\"application\/ld+json\" class=\"yoast-schema-graph\">{\"@context\":\"https:\/\/schema.org\",\"@graph\":[{\"@type\":\"WebPage\",\"@id\":\"https:\/\/villagekirkpinar.com\/en\/about-us\/\",\"url\":\"https:\/\/villagekirkpinar.com\/en\/about-us\/\",\"name\":\"About Us - Village K\u0131rkp\u0131nar - Sapanca About Us\",\"isPartOf\":{\"@id\":\"https:\/\/villagekirkpinar.com\/en\/#website\"},\"primaryImageOfPage\":{\"@id\":\"https:\/\/villagekirkpinar.com\/en\/about-us\/#primaryimage\"},\"image\":{\"@id\":\"https:\/\/villagekirkpinar.com\/en\/about-us\/#primaryimage\"},\"thumbnailUrl\":\"https:\/\/villagekirkpinar.com\/wp-content\/uploads\/2022\/08\/villa-kirkpinar-ekip1.jpeg\",\"datePublished\":\"2022-08-29T05:05:25+00:00\",\"dateModified\":\"2026-01-31T09:28:49+00:00\",\"breadcrumb\":{\"@id\":\"https:\/\/villagekirkpinar.com\/en\/about-us\/#breadcrumb\"},\"inLanguage\":\"en-US\",\"potentialAction\":[{\"@type\":\"ReadAction\",\"target\":[\"https:\/\/villagekirkpinar.com\/en\/about-us\/\"]}]},{\"@type\":\"ImageObject\",\"inLanguage\":\"en-US\",\"@id\":\"https:\/\/villagekirkpinar.com\/en\/about-us\/#primaryimage\",\"url\":\"https:\/\/villagekirkpinar.com\/wp-content\/uploads\/2022\/08\/villa-kirkpinar-ekip1.jpeg\",\"contentUrl\":\"https:\/\/villagekirkpinar.com\/wp-content\/uploads\/2022\/08\/villa-kirkpinar-ekip1.jpeg\"},{\"@type\":\"BreadcrumbList\",\"@id\":\"https:\/\/villagekirkpinar.com\/en\/about-us\/#breadcrumb\",\"itemListElement\":[{\"@type\":\"ListItem\",\"position\":1,\"name\":\"Home\",\"item\":\"https:\/\/villagekirkpinar.com\/en\/\"},{\"@type\":\"ListItem\",\"position\":2,\"name\":\"About Us\"}]},{\"@type\":\"WebSite\",\"@id\":\"https:\/\/villagekirkpinar.com\/en\/#website\",\"url\":\"https:\/\/villagekirkpinar.com\/en\/\",\"name\":\"Village K\u0131rkp\u0131nar - Sapanca\",\"description\":\"Sapanca Villa Konaklama\",\"publisher\":{\"@id\":\"https:\/\/villagekirkpinar.com\/en\/#organization\"},\"potentialAction\":[{\"@type\":\"SearchAction\",\"target\":{\"@type\":\"EntryPoint\",\"urlTemplate\":\"https:\/\/villagekirkpinar.com\/en\/?s={search_term_string}\"},\"query-input\":{\"@type\":\"PropertyValueSpecification\",\"valueRequired\":true,\"valueName\":\"search_term_string\"}}],\"inLanguage\":\"en-US\"},{\"@type\":\"Organization\",\"@id\":\"https:\/\/villagekirkpinar.com\/en\/#organization\",\"name\":\"Village K\u0131rkp\u0131nar - Sapanca\",\"url\":\"https:\/\/villagekirkpinar.com\/en\/\",\"logo\":{\"@type\":\"ImageObject\",\"inLanguage\":\"en-US\",\"@id\":\"https:\/\/villagekirkpinar.com\/en\/#\/schema\/logo\/image\/\",\"url\":\"https:\/\/villagekirkpinar.com\/wp-content\/uploads\/2022\/07\/logo.png\",\"contentUrl\":\"https:\/\/villagekirkpinar.com\/wp-content\/uploads\/2022\/07\/logo.png\",\"width\":367,\"height\":315,\"caption\":\"Village K\u0131rkp\u0131nar - Sapanca\"},\"image\":{\"@id\":\"https:\/\/villagekirkpinar.com\/en\/#\/schema\/logo\/image\/\"}}]}<\/script>\n<!-- \/ Yoast SEO plugin. -->","yoast_head_json":{"title":"About Us - Village K\u0131rkp\u0131nar - Sapanca About Us","robots":{"index":"index","follow":"follow","max-snippet":"max-snippet:-1","max-image-preview":"max-image-preview:large","max-video-preview":"max-video-preview:-1"},"canonical":"https:\/\/villagekirkpinar.com\/en\/about-us\/","og_locale":"en_US","og_type":"article","og_title":"About Us - Village K\u0131rkp\u0131nar - Sapanca About Us","og_description":"ABOUT US who are we We belong to \u00c7izemua family from the tribe of (w)ub\u0131h of the Circassian who came","og_url":"https:\/\/villagekirkpinar.com\/en\/about-us\/","og_site_name":"Village K\u0131rkp\u0131nar - Sapanca","article_modified_time":"2026-01-31T09:28:49+00:00","og_image":[{"width":1024,"height":1024,"url":"https:\/\/villagekirkpinar.com\/wp-content\/uploads\/2022\/08\/villa-kirkpinar-ekip1.jpeg","type":"image\/jpeg"}],"twitter_card":"summary_large_image","twitter_misc":{"Est. reading time":"2 minutes"},"schema":{"@context":"https:\/\/schema.org","@graph":[{"@type":"WebPage","@id":"https:\/\/villagekirkpinar.com\/en\/about-us\/","url":"https:\/\/villagekirkpinar.com\/en\/about-us\/","name":"About Us - Village K\u0131rkp\u0131nar - Sapanca About Us","isPartOf":{"@id":"https:\/\/villagekirkpinar.com\/en\/#website"},"primaryImageOfPage":{"@id":"https:\/\/villagekirkpinar.com\/en\/about-us\/#primaryimage"},"image":{"@id":"https:\/\/villagekirkpinar.com\/en\/about-us\/#primaryimage"},"thumbnailUrl":"https:\/\/villagekirkpinar.com\/wp-content\/uploads\/2022\/08\/villa-kirkpinar-ekip1.jpeg","datePublished":"2022-08-29T05:05:25+00:00","dateModified":"2026-01-31T09:28:49+00:00","breadcrumb":{"@id":"https:\/\/villagekirkpinar.com\/en\/about-us\/#breadcrumb"},"inLanguage":"en-US","potentialAction":[{"@type":"ReadAction","target":["https:\/\/villagekirkpinar.com\/en\/about-us\/"]}]},{"@type":"ImageObject","inLanguage":"en-US","@id":"https:\/\/villagekirkpinar.com\/en\/about-us\/#primaryimage","url":"https:\/\/villagekirkpinar.com\/wp-content\/uploads\/2022\/08\/villa-kirkpinar-ekip1.jpeg","contentUrl":"https:\/\/villagekirkpinar.com\/wp-content\/uploads\/2022\/08\/villa-kirkpinar-ekip1.jpeg"},{"@type":"BreadcrumbList","@id":"https:\/\/villagekirkpinar.com\/en\/about-us\/#breadcrumb","itemListElement":[{"@type":"ListItem","position":1,"name":"Home","item":"https:\/\/villagekirkpinar.com\/en\/"},{"@type":"ListItem","position":2,"name":"About Us"}]},{"@type":"WebSite","@id":"https:\/\/villagekirkpinar.com\/en\/#website","url":"https:\/\/villagekirkpinar.com\/en\/","name":"Village K\u0131rkp\u0131nar - Sapanca","description":"Sapanca Villa Konaklama","publisher":{"@id":"https:\/\/villagekirkpinar.com\/en\/#organization"},"potentialAction":[{"@type":"SearchAction","target":{"@type":"EntryPoint","urlTemplate":"https:\/\/villagekirkpinar.com\/en\/?s={search_term_string}"},"query-input":{"@type":"PropertyValueSpecification","valueRequired":true,"valueName":"search_term_string"}}],"inLanguage":"en-US"},{"@type":"Organization","@id":"https:\/\/villagekirkpinar.com\/en\/#organization","name":"Village K\u0131rkp\u0131nar - Sapanca","url":"https:\/\/villagekirkpinar.com\/en\/","logo":{"@type":"ImageObject","inLanguage":"en-US","@id":"https:\/\/villagekirkpinar.com\/en\/#\/schema\/logo\/image\/","url":"https:\/\/villagekirkpinar.com\/wp-content\/uploads\/2022\/07\/logo.png","contentUrl":"https:\/\/villagekirkpinar.com\/wp-content\/uploads\/2022\/07\/logo.png","width":367,"height":315,"caption":"Village K\u0131rkp\u0131nar - Sapanca"},"image":{"@id":"https:\/\/villagekirkpinar.com\/en\/#\/schema\/logo\/image\/"}}]}},"_links":{"self":[{"href":"https:\/\/villagekirkpinar.com\/en\/wp-json\/wp\/v2\/pages\/5020","targetHints":{"allow":["GET"]}}],"collection":[{"href":"https:\/\/villagekirkpinar.com\/en\/wp-json\/wp\/v2\/pages"}],"about":[{"href":"https:\/\/villagekirkpinar.com\/en\/wp-json\/wp\/v2\/types\/page"}],"author":[{"embeddable":true,"href":"https:\/\/villagekirkpinar.com\/en\/wp-json\/wp\/v2\/users\/8"}],"replies":[{"embeddable":true,"href":"https:\/\/villagekirkpinar.com\/en\/wp-json\/wp\/v2\/comments?post=5020"}],"version-history":[{"count":3,"href":"https:\/\/villagekirkpinar.com\/en\/wp-json\/wp\/v2\/pages\/5020\/revisions"}],"predecessor-version":[{"id":7946,"href":"https:\/\/villagekirkpinar.com\/en\/wp-json\/wp\/v2\/pages\/5020\/revisions\/7946"}],"wp:attachment":[{"href":"https:\/\/villagekirkpinar.com\/en\/wp-json\/wp\/v2\/media?parent=5020"}],"curies":[{"name":"wp","href":"https:\/\/api.w.org\/{rel}","templated":true}]}}