{"id":5403,"date":"2022-11-30T09:59:43","date_gmt":"2022-11-30T06:59:43","guid":{"rendered":"https:\/\/villakirkpinar.com\/privacy-policy\/"},"modified":"2022-11-30T10:09:49","modified_gmt":"2022-11-30T10:09:49","slug":"privacy-policy","status":"publish","type":"page","link":"https:\/\/villagekirkpinar.com\/en\/privacy-policy\/","title":{"rendered":"Privacy Policy"},"content":{"rendered":"\n<p>Kullan\u0131c\u0131dan hangi ki\u015fisel bilgilerin topland\u0131\u011f\u0131: \u0130leti\u015fim formu, e-b\u00fclten ve rezervasyon formu; kullan\u0131c\u0131lar\u0131m\u0131zdan adres, telefon, mail adresi v.b bilgileri gibi t\u00fcm ileti\u015fim bilgileri istenmektedir.<\/p>\n\n<p>Bu bilgilerin \u015firket taraf\u0131ndan nas\u0131l kullan\u0131laca\u011f\u0131: Bilgileriniz sa\u011fl\u0131kl\u0131 bir hizmet verebilmek amac\u0131 ile kullan\u0131lmaktad\u0131r. Bu bilgiler ileti\u015fim kurabilmek, i\u015f ba\u015fvurusu alabilmek veya e-b\u00fclten hizmeti sunabilmek veya otelimiz i\u00e7in rezervasyon yapabilmek i\u00e7in istenilmektedir. Bilgileriniz \u015firket b\u00fcnyemizde, g\u00fcvenli olarak, sunucumuzda korunmaktad\u0131r.  <\/p>\n\n<p>Kullan\u0131c\u0131 bilgileri \u00fc\u00e7\u00fcnc\u00fc ki\u015filer ile kesinlikle payla\u015f\u0131lmaz.<\/p>\n\n<p>Web Sitemize girilen bilgilerin g\u00fcvenli\u011fi a\u00e7\u0131s\u0131ndan firmam\u0131z sistem ve internet altyap\u0131s\u0131 en g\u00fcvenilir seviyede tutularak gerekli \u00f6nlemler al\u0131nm\u0131\u015ft\u0131r. M\u00fc\u015fterilerimizin Web Sitemize girmi\u015f oldu\u011fu bilgiler di\u011fer internet kullan\u0131c\u0131lar\u0131 taraf\u0131ndan g\u00f6r\u00fcnt\u00fclenemez. M\u00fc\u015fterilerimizin bizimle payla\u015ft\u0131\u011f\u0131 bilgilere izinsiz ula\u015f\u0131m k\u0131s\u0131tlanm\u0131\u015ft\u0131r.  <\/p>\n\n<p>Village K\u0131rkp\u0131nar, s\u00f6z konusu bilgileri m\u00fc\u015fterilerin onay\u0131 d\u0131\u015f\u0131nda ya da yasal bir y\u00fck\u00fcml\u00fcl\u00fck alt\u0131nda bulunmad\u0131\u011f\u0131 s\u00fcrece herhangi bir \u00fc\u00e7\u00fcnc\u00fc \u015fah\u0131s, kurum ve kurulu\u015f ile payla\u015fmayacakt\u0131r.<\/p>\n\n<p>Village K\u0131rkp\u0131nar, bu bilgileri sadece gerekli yetkiler ve yasal d\u00fczenlemeler \u00e7er\u00e7evesinde a\u00e7\u0131klayabilecektir. Village K\u0131rkp\u0131nar\u2019in tabi oldu\u011fu d\u00fczenleyici kurumlar ve\/veya yasama, y\u00fcr\u00fctme organ ve mercileri m\u00fc\u015fteri bilgilerinin a\u00e7\u0131klanmas\u0131n\u0131 istedi\u011finde, Village K\u0131rkp\u0131nar, bu bilgileri yaln\u0131zca gerekli yetkiler \u00e7er\u00e7evesinde a\u00e7\u0131klayacakt\u0131r. <\/p>\n\n<p>Web Sitemiz di\u011fer web sitelerine link vermektedir. Gizlilik Politikam\u0131zda yer alan taahh\u00fctlerimiz sadece web sitemiz i\u00e7erisinde ge\u00e7erlidir ve di\u011fer web sitelerini kapsamamaktad\u0131r. Web Sitemizden link ile gidilecek di\u011fer web sitelerindeki kullan\u0131m ile ilgili o sitelere ait gizlilik g\u00fcvencesi ve kullan\u0131m \u015fartlar\u0131 ge\u00e7erlidir. Web sitemizden reklam, banner, i\u00e7erik maksatl\u0131 veya ba\u015fka bir maksat ile ge\u00e7ilen di\u011fer web sitelerinin bilgi kullan\u0131m\u0131, etik ilkeleri, gizlilik prensipleri, nitelik ve servis kalitesi ile bu sitelerde olu\u015fabilecek herhangi bir maddi \/ manevi zarar ve kay\u0131plardan Village K\u0131rkp\u0131nar sorumlu de\u011fildir.   <\/p>\n\n<p>Village K\u0131rkp\u0131nar destek hizmetler almak amac\u0131yla farkl\u0131 kurulu\u015flarla \u00e7al\u0131\u015f\u0131lmas\u0131 durumunda, bu firmalar\u0131n firmam\u0131z\u0131n gizlilik standartlar\u0131na ve \u015fartlar\u0131na uymalar\u0131n\u0131 sa\u011flayacakt\u0131r.<\/p>\n\n<p>Web sitemizde yer alan bilgi, materyal ve bunlar\u0131n d\u00fczenlenmesi konusundaki telif haklar\u0131, Village K\u0131rkp\u0131nar\u2019e aittir.<\/p>\n\n<p>M\u00fc\u015fterilerimizin ki\u015fisel bilgilerinin gizlili\u011fini korumak amac\u0131yla firmam\u0131z sistem ve internet altyap\u0131s\u0131 en g\u00fcvenilir seviyede tutularak gerekli \u00f6nlemler al\u0131nm\u0131\u015ft\u0131r. Ek olarak bilgi al\u0131nmak istenen konularda firmam\u0131za dan\u0131\u015fmakta teredd\u00fct etmeyiniz. <\/p>\n","protected":false},"excerpt":{"rendered":"<p>Kullan\u0131c\u0131dan hangi ki\u015fisel bilgilerin topland\u0131\u011f\u0131: \u0130leti\u015fim formu, e-b\u00fclten ve rezervasyon formu; kullan\u0131c\u0131lar\u0131m\u0131zdan adres, telefon, mail adresi v.b bilgileri gibi t\u00fcm<\/p>\n","protected":false},"author":8,"featured_media":0,"parent":0,"menu_order":0,"comment_status":"closed","ping_status":"closed","template":"","meta":{"footnotes":""},"class_list":["post-5403","page","type-page","status-publish","hentry"],"yoast_head":"<!-- This site is optimized with the Yoast SEO plugin v26.8 - https:\/\/yoast.com\/product\/yoast-seo-wordpress\/ -->\n<title>Privacy Policy - Village K\u0131rkp\u0131nar - Sapanca<\/title>\n<meta name=\"robots\" content=\"index, follow, max-snippet:-1, max-image-preview:large, max-video-preview:-1\" \/>\n<link rel=\"canonical\" href=\"https:\/\/villagekirkpinar.com\/en\/privacy-policy\/\" \/>\n<meta property=\"og:locale\" content=\"en_US\" \/>\n<meta property=\"og:type\" content=\"article\" \/>\n<meta property=\"og:title\" content=\"Privacy Policy - Village K\u0131rkp\u0131nar - Sapanca\" \/>\n<meta property=\"og:description\" content=\"Kullan\u0131c\u0131dan hangi ki\u015fisel bilgilerin topland\u0131\u011f\u0131: \u0130leti\u015fim formu, e-b\u00fclten ve rezervasyon formu; kullan\u0131c\u0131lar\u0131m\u0131zdan adres, telefon, mail adresi v.b bilgileri gibi t\u00fcm\" \/>\n<meta property=\"og:url\" content=\"https:\/\/villagekirkpinar.com\/en\/privacy-policy\/\" \/>\n<meta property=\"og:site_name\" content=\"Village K\u0131rkp\u0131nar - Sapanca\" \/>\n<meta property=\"article:modified_time\" content=\"2022-11-30T10:09:49+00:00\" \/>\n<meta name=\"twitter:card\" content=\"summary_large_image\" \/>\n<meta name=\"twitter:label1\" content=\"Est. reading time\" \/>\n\t<meta name=\"twitter:data1\" content=\"2 minutes\" \/>\n<script type=\"application\/ld+json\" class=\"yoast-schema-graph\">{\"@context\":\"https:\/\/schema.org\",\"@graph\":[{\"@type\":\"WebPage\",\"@id\":\"https:\/\/villagekirkpinar.com\/en\/privacy-policy\/\",\"url\":\"https:\/\/villagekirkpinar.com\/en\/privacy-policy\/\",\"name\":\"Privacy Policy - Village K\u0131rkp\u0131nar - Sapanca\",\"isPartOf\":{\"@id\":\"https:\/\/villagekirkpinar.com\/en\/#website\"},\"datePublished\":\"2022-11-30T06:59:43+00:00\",\"dateModified\":\"2022-11-30T10:09:49+00:00\",\"breadcrumb\":{\"@id\":\"https:\/\/villagekirkpinar.com\/en\/privacy-policy\/#breadcrumb\"},\"inLanguage\":\"en-US\",\"potentialAction\":[{\"@type\":\"ReadAction\",\"target\":[\"https:\/\/villagekirkpinar.com\/en\/privacy-policy\/\"]}]},{\"@type\":\"BreadcrumbList\",\"@id\":\"https:\/\/villagekirkpinar.com\/en\/privacy-policy\/#breadcrumb\",\"itemListElement\":[{\"@type\":\"ListItem\",\"position\":1,\"name\":\"Home\",\"item\":\"https:\/\/villagekirkpinar.com\/en\/\"},{\"@type\":\"ListItem\",\"position\":2,\"name\":\"Privacy Policy\"}]},{\"@type\":\"WebSite\",\"@id\":\"https:\/\/villagekirkpinar.com\/en\/#website\",\"url\":\"https:\/\/villagekirkpinar.com\/en\/\",\"name\":\"Village K\u0131rkp\u0131nar - Sapanca\",\"description\":\"Sapanca Villa Konaklama\",\"publisher\":{\"@id\":\"https:\/\/villagekirkpinar.com\/en\/#organization\"},\"potentialAction\":[{\"@type\":\"SearchAction\",\"target\":{\"@type\":\"EntryPoint\",\"urlTemplate\":\"https:\/\/villagekirkpinar.com\/en\/?s={search_term_string}\"},\"query-input\":{\"@type\":\"PropertyValueSpecification\",\"valueRequired\":true,\"valueName\":\"search_term_string\"}}],\"inLanguage\":\"en-US\"},{\"@type\":\"Organization\",\"@id\":\"https:\/\/villagekirkpinar.com\/en\/#organization\",\"name\":\"Village K\u0131rkp\u0131nar - Sapanca\",\"url\":\"https:\/\/villagekirkpinar.com\/en\/\",\"logo\":{\"@type\":\"ImageObject\",\"inLanguage\":\"en-US\",\"@id\":\"https:\/\/villagekirkpinar.com\/en\/#\/schema\/logo\/image\/\",\"url\":\"https:\/\/villagekirkpinar.com\/wp-content\/uploads\/2022\/07\/logo.png\",\"contentUrl\":\"https:\/\/villagekirkpinar.com\/wp-content\/uploads\/2022\/07\/logo.png\",\"width\":367,\"height\":315,\"caption\":\"Village K\u0131rkp\u0131nar - Sapanca\"},\"image\":{\"@id\":\"https:\/\/villagekirkpinar.com\/en\/#\/schema\/logo\/image\/\"}}]}<\/script>\n<!-- \/ Yoast SEO plugin. -->","yoast_head_json":{"title":"Privacy Policy - Village K\u0131rkp\u0131nar - Sapanca","robots":{"index":"index","follow":"follow","max-snippet":"max-snippet:-1","max-image-preview":"max-image-preview:large","max-video-preview":"max-video-preview:-1"},"canonical":"https:\/\/villagekirkpinar.com\/en\/privacy-policy\/","og_locale":"en_US","og_type":"article","og_title":"Privacy Policy - Village K\u0131rkp\u0131nar - Sapanca","og_description":"Kullan\u0131c\u0131dan hangi ki\u015fisel bilgilerin topland\u0131\u011f\u0131: \u0130leti\u015fim formu, e-b\u00fclten ve rezervasyon formu; kullan\u0131c\u0131lar\u0131m\u0131zdan adres, telefon, mail adresi v.b bilgileri gibi t\u00fcm","og_url":"https:\/\/villagekirkpinar.com\/en\/privacy-policy\/","og_site_name":"Village K\u0131rkp\u0131nar - Sapanca","article_modified_time":"2022-11-30T10:09:49+00:00","twitter_card":"summary_large_image","twitter_misc":{"Est. reading time":"2 minutes"},"schema":{"@context":"https:\/\/schema.org","@graph":[{"@type":"WebPage","@id":"https:\/\/villagekirkpinar.com\/en\/privacy-policy\/","url":"https:\/\/villagekirkpinar.com\/en\/privacy-policy\/","name":"Privacy Policy - Village K\u0131rkp\u0131nar - Sapanca","isPartOf":{"@id":"https:\/\/villagekirkpinar.com\/en\/#website"},"datePublished":"2022-11-30T06:59:43+00:00","dateModified":"2022-11-30T10:09:49+00:00","breadcrumb":{"@id":"https:\/\/villagekirkpinar.com\/en\/privacy-policy\/#breadcrumb"},"inLanguage":"en-US","potentialAction":[{"@type":"ReadAction","target":["https:\/\/villagekirkpinar.com\/en\/privacy-policy\/"]}]},{"@type":"BreadcrumbList","@id":"https:\/\/villagekirkpinar.com\/en\/privacy-policy\/#breadcrumb","itemListElement":[{"@type":"ListItem","position":1,"name":"Home","item":"https:\/\/villagekirkpinar.com\/en\/"},{"@type":"ListItem","position":2,"name":"Privacy Policy"}]},{"@type":"WebSite","@id":"https:\/\/villagekirkpinar.com\/en\/#website","url":"https:\/\/villagekirkpinar.com\/en\/","name":"Village K\u0131rkp\u0131nar - Sapanca","description":"Sapanca Villa Konaklama","publisher":{"@id":"https:\/\/villagekirkpinar.com\/en\/#organization"},"potentialAction":[{"@type":"SearchAction","target":{"@type":"EntryPoint","urlTemplate":"https:\/\/villagekirkpinar.com\/en\/?s={search_term_string}"},"query-input":{"@type":"PropertyValueSpecification","valueRequired":true,"valueName":"search_term_string"}}],"inLanguage":"en-US"},{"@type":"Organization","@id":"https:\/\/villagekirkpinar.com\/en\/#organization","name":"Village K\u0131rkp\u0131nar - Sapanca","url":"https:\/\/villagekirkpinar.com\/en\/","logo":{"@type":"ImageObject","inLanguage":"en-US","@id":"https:\/\/villagekirkpinar.com\/en\/#\/schema\/logo\/image\/","url":"https:\/\/villagekirkpinar.com\/wp-content\/uploads\/2022\/07\/logo.png","contentUrl":"https:\/\/villagekirkpinar.com\/wp-content\/uploads\/2022\/07\/logo.png","width":367,"height":315,"caption":"Village K\u0131rkp\u0131nar - Sapanca"},"image":{"@id":"https:\/\/villagekirkpinar.com\/en\/#\/schema\/logo\/image\/"}}]}},"_links":{"self":[{"href":"https:\/\/villagekirkpinar.com\/en\/wp-json\/wp\/v2\/pages\/5403","targetHints":{"allow":["GET"]}}],"collection":[{"href":"https:\/\/villagekirkpinar.com\/en\/wp-json\/wp\/v2\/pages"}],"about":[{"href":"https:\/\/villagekirkpinar.com\/en\/wp-json\/wp\/v2\/types\/page"}],"author":[{"embeddable":true,"href":"https:\/\/villagekirkpinar.com\/en\/wp-json\/wp\/v2\/users\/8"}],"replies":[{"embeddable":true,"href":"https:\/\/villagekirkpinar.com\/en\/wp-json\/wp\/v2\/comments?post=5403"}],"version-history":[{"count":0,"href":"https:\/\/villagekirkpinar.com\/en\/wp-json\/wp\/v2\/pages\/5403\/revisions"}],"wp:attachment":[{"href":"https:\/\/villagekirkpinar.com\/en\/wp-json\/wp\/v2\/media?parent=5403"}],"curies":[{"name":"wp","href":"https:\/\/api.w.org\/{rel}","templated":true}]}}